{"id":9579,"date":"2024-02-08T16:55:52","date_gmt":"2024-02-08T19:55:52","guid":{"rendered":"https:\/\/www.sbglaucoma.org.br\/medico\/?page_id=9579"},"modified":"2024-04-10T11:34:01","modified_gmt":"2024-04-10T14:34:01","slug":"campanha-pressao-ocular","status":"publish","type":"page","link":"https:\/\/www.sbglaucoma.org.br\/medico\/campanha-pressao-ocular\/","title":{"rendered":"Campanha Press\u00e3o Ocular &#8211; Pio"},"content":{"rendered":"\n<h2 class=\"wp-block-heading\">Quando Foi a \u00daltima Vez Que Voc\u00ea Verificou Sua Pio Com Um M\u00e9dico Oftalmologista?<\/h2>\n\n\n\n<p>Quando foi a \u00faltima vez que voc\u00ea verificou sua PIO com um m\u00e9dico oftalmologista? Apesar de ser um fator importante para a preven\u00e7\u00e3o do glaucoma, a verifica\u00e7\u00e3o da press\u00e3o intraocular (PIO) muitas vezes \u00e9 negligenciada pelos pacientes. Por esse motivo, a Sociedade Brasileira de Glaucoma (SBG) lan\u00e7a a campanha de conscientiza\u00e7\u00e3o ao tema, com diversos conte\u00fados para voc\u00ea aprofundar seus conhecimentos sobre a press\u00e3o intraocular.<\/p>\n\n\n\n<p>Com as a\u00e7\u00f5es da iniciativa, a SBG visa a orientar toda a popula\u00e7\u00e3o sobre a relev\u00e2ncia de saber qual \u00e9 a sua PIO e o impacto dessa informa\u00e7\u00e3o para a sa\u00fade ocular e, principalmente, para a preven\u00e7\u00e3o do glaucoma. O controle da PIO \u00e9 uma quest\u00e3o-chave para evitar a doen\u00e7a, portanto, na pr\u00f3xima consulta com o m\u00e9dico oftalmologista, pergunte: \u201cDoutor, qual \u00e9 a minha PIO?\u201d.<\/p>\n\n\n\n<h2 class=\"wp-block-heading\">Veja os conte\u00fados da campanha<\/h2>\n\n\n\n<figure class=\"wp-block-gallery has-nested-images columns-default is-cropped wp-block-gallery-1 is-layout-flex wp-block-gallery-is-layout-flex\">\n<figure data-wp-context=\"{&quot;imageId&quot;:&quot;69f5e96930717&quot;}\" data-wp-interactive=\"core\/image\" data-wp-key=\"69f5e96930717\" class=\"wp-block-image size-large wp-lightbox-container\"><img loading=\"lazy\" decoding=\"async\" width=\"1024\" height=\"1024\" data-wp-class--hide=\"state.isContentHidden\" data-wp-class--show=\"state.isContentVisible\" data-wp-init=\"callbacks.setButtonStyles\" data-wp-on--click=\"actions.showLightbox\" data-wp-on--load=\"callbacks.setButtonStyles\" data-wp-on-window--resize=\"callbacks.setButtonStyles\" data-id=\"9606\" src=\"https:\/\/www.sbglaucoma.org.br\/medico\/wp-content\/uploads\/2024\/02\/arte_PIO_pacientes_sbg_carrossel1-1024x1024.png\" alt=\"\" class=\"wp-image-9606\" srcset=\"https:\/\/www.sbglaucoma.org.br\/medico\/wp-content\/uploads\/2024\/02\/arte_PIO_pacientes_sbg_carrossel1-1024x1024.png 1024w, https:\/\/www.sbglaucoma.org.br\/medico\/wp-content\/uploads\/2024\/02\/arte_PIO_pacientes_sbg_carrossel1-300x300.png 300w, https:\/\/www.sbglaucoma.org.br\/medico\/wp-content\/uploads\/2024\/02\/arte_PIO_pacientes_sbg_carrossel1-150x150.png 150w, https:\/\/www.sbglaucoma.org.br\/medico\/wp-content\/uploads\/2024\/02\/arte_PIO_pacientes_sbg_carrossel1-768x768.png 768w, https:\/\/www.sbglaucoma.org.br\/medico\/wp-content\/uploads\/2024\/02\/arte_PIO_pacientes_sbg_carrossel1.png 1080w\" sizes=\"auto, (max-width: 1024px) 100vw, 1024px\" \/><button\n\t\t\tclass=\"lightbox-trigger\"\n\t\t\ttype=\"button\"\n\t\t\taria-haspopup=\"dialog\"\n\t\t\taria-label=\"Ampliar\"\n\t\t\tdata-wp-init=\"callbacks.initTriggerButton\"\n\t\t\tdata-wp-on--click=\"actions.showLightbox\"\n\t\t\tdata-wp-style--right=\"state.imageButtonRight\"\n\t\t\tdata-wp-style--top=\"state.imageButtonTop\"\n\t\t>\n\t\t\t<svg xmlns=\"http:\/\/www.w3.org\/2000\/svg\" width=\"12\" height=\"12\" fill=\"none\" viewBox=\"0 0 12 12\">\n\t\t\t\t<path fill=\"#fff\" d=\"M2 0a2 2 0 0 0-2 2v2h1.5V2a.5.5 0 0 1 .5-.5h2V0H2Zm2 10.5H2a.5.5 0 0 1-.5-.5V8H0v2a2 2 0 0 0 2 2h2v-1.5ZM8 12v-1.5h2a.5.5 0 0 0 .5-.5V8H12v2a2 2 0 0 1-2 2H8Zm2-12a2 2 0 0 1 2 2v2h-1.5V2a.5.5 0 0 0-.5-.5H8V0h2Z\" \/>\n\t\t\t<\/svg>\n\t\t<\/button><\/figure>\n\n\n\n<figure data-wp-context=\"{&quot;imageId&quot;:&quot;69f5e9693101e&quot;}\" data-wp-interactive=\"core\/image\" data-wp-key=\"69f5e9693101e\" class=\"wp-block-image size-large wp-lightbox-container\"><img loading=\"lazy\" decoding=\"async\" width=\"1024\" height=\"1024\" data-wp-class--hide=\"state.isContentHidden\" data-wp-class--show=\"state.isContentVisible\" data-wp-init=\"callbacks.setButtonStyles\" data-wp-on--click=\"actions.showLightbox\" data-wp-on--load=\"callbacks.setButtonStyles\" data-wp-on-window--resize=\"callbacks.setButtonStyles\" data-id=\"9605\" src=\"https:\/\/www.sbglaucoma.org.br\/medico\/wp-content\/uploads\/2024\/02\/arte_PIO_pacientes_sbg_post3-1024x1024.png\" alt=\"\" class=\"wp-image-9605\" srcset=\"https:\/\/www.sbglaucoma.org.br\/medico\/wp-content\/uploads\/2024\/02\/arte_PIO_pacientes_sbg_post3-1024x1024.png 1024w, https:\/\/www.sbglaucoma.org.br\/medico\/wp-content\/uploads\/2024\/02\/arte_PIO_pacientes_sbg_post3-300x300.png 300w, https:\/\/www.sbglaucoma.org.br\/medico\/wp-content\/uploads\/2024\/02\/arte_PIO_pacientes_sbg_post3-150x150.png 150w, https:\/\/www.sbglaucoma.org.br\/medico\/wp-content\/uploads\/2024\/02\/arte_PIO_pacientes_sbg_post3-768x768.png 768w, https:\/\/www.sbglaucoma.org.br\/medico\/wp-content\/uploads\/2024\/02\/arte_PIO_pacientes_sbg_post3.png 1080w\" sizes=\"auto, (max-width: 1024px) 100vw, 1024px\" \/><button\n\t\t\tclass=\"lightbox-trigger\"\n\t\t\ttype=\"button\"\n\t\t\taria-haspopup=\"dialog\"\n\t\t\taria-label=\"Ampliar\"\n\t\t\tdata-wp-init=\"callbacks.initTriggerButton\"\n\t\t\tdata-wp-on--click=\"actions.showLightbox\"\n\t\t\tdata-wp-style--right=\"state.imageButtonRight\"\n\t\t\tdata-wp-style--top=\"state.imageButtonTop\"\n\t\t>\n\t\t\t<svg xmlns=\"http:\/\/www.w3.org\/2000\/svg\" width=\"12\" height=\"12\" fill=\"none\" viewBox=\"0 0 12 12\">\n\t\t\t\t<path fill=\"#fff\" d=\"M2 0a2 2 0 0 0-2 2v2h1.5V2a.5.5 0 0 1 .5-.5h2V0H2Zm2 10.5H2a.5.5 0 0 1-.5-.5V8H0v2a2 2 0 0 0 2 2h2v-1.5ZM8 12v-1.5h2a.5.5 0 0 0 .5-.5V8H12v2a2 2 0 0 1-2 2H8Zm2-12a2 2 0 0 1 2 2v2h-1.5V2a.5.5 0 0 0-.5-.5H8V0h2Z\" \/>\n\t\t\t<\/svg>\n\t\t<\/button><\/figure>\n\n\n\n<figure data-wp-context=\"{&quot;imageId&quot;:&quot;69f5e9693164e&quot;}\" data-wp-interactive=\"core\/image\" data-wp-key=\"69f5e9693164e\" class=\"wp-block-image size-large wp-lightbox-container\"><img loading=\"lazy\" decoding=\"async\" width=\"1024\" height=\"1024\" data-wp-class--hide=\"state.isContentHidden\" data-wp-class--show=\"state.isContentVisible\" data-wp-init=\"callbacks.setButtonStyles\" data-wp-on--click=\"actions.showLightbox\" data-wp-on--load=\"callbacks.setButtonStyles\" data-wp-on-window--resize=\"callbacks.setButtonStyles\" data-id=\"9604\" src=\"https:\/\/www.sbglaucoma.org.br\/medico\/wp-content\/uploads\/2024\/02\/arte_PIO_pacientes_sbg_post-1024x1024.png\" alt=\"\" class=\"wp-image-9604\" srcset=\"https:\/\/www.sbglaucoma.org.br\/medico\/wp-content\/uploads\/2024\/02\/arte_PIO_pacientes_sbg_post-1024x1024.png 1024w, https:\/\/www.sbglaucoma.org.br\/medico\/wp-content\/uploads\/2024\/02\/arte_PIO_pacientes_sbg_post-300x300.png 300w, https:\/\/www.sbglaucoma.org.br\/medico\/wp-content\/uploads\/2024\/02\/arte_PIO_pacientes_sbg_post-150x150.png 150w, https:\/\/www.sbglaucoma.org.br\/medico\/wp-content\/uploads\/2024\/02\/arte_PIO_pacientes_sbg_post-768x768.png 768w, https:\/\/www.sbglaucoma.org.br\/medico\/wp-content\/uploads\/2024\/02\/arte_PIO_pacientes_sbg_post.png 1080w\" sizes=\"auto, (max-width: 1024px) 100vw, 1024px\" \/><button\n\t\t\tclass=\"lightbox-trigger\"\n\t\t\ttype=\"button\"\n\t\t\taria-haspopup=\"dialog\"\n\t\t\taria-label=\"Ampliar\"\n\t\t\tdata-wp-init=\"callbacks.initTriggerButton\"\n\t\t\tdata-wp-on--click=\"actions.showLightbox\"\n\t\t\tdata-wp-style--right=\"state.imageButtonRight\"\n\t\t\tdata-wp-style--top=\"state.imageButtonTop\"\n\t\t>\n\t\t\t<svg xmlns=\"http:\/\/www.w3.org\/2000\/svg\" width=\"12\" height=\"12\" fill=\"none\" viewBox=\"0 0 12 12\">\n\t\t\t\t<path fill=\"#fff\" d=\"M2 0a2 2 0 0 0-2 2v2h1.5V2a.5.5 0 0 1 .5-.5h2V0H2Zm2 10.5H2a.5.5 0 0 1-.5-.5V8H0v2a2 2 0 0 0 2 2h2v-1.5ZM8 12v-1.5h2a.5.5 0 0 0 .5-.5V8H12v2a2 2 0 0 1-2 2H8Zm2-12a2 2 0 0 1 2 2v2h-1.5V2a.5.5 0 0 0-.5-.5H8V0h2Z\" \/>\n\t\t\t<\/svg>\n\t\t<\/button><\/figure>\n<\/figure>\n","protected":false},"excerpt":{"rendered":"<p>Quando Foi a \u00daltima Vez Que Voc\u00ea Verificou Sua Pio Com Um M\u00e9dico Oftalmologista? Quando foi a \u00faltima vez que voc\u00ea verificou sua PIO com um m\u00e9dico oftalmologista? Apesar de ser um fator importante para a preven\u00e7\u00e3o do glaucoma, a verifica\u00e7\u00e3o da press\u00e3o intraocular (PIO) muitas vezes \u00e9 negligenciada pelos pacientes. Por esse motivo, a [&hellip;]<\/p>\n","protected":false},"author":1,"featured_media":0,"parent":0,"menu_order":0,"comment_status":"closed","ping_status":"closed","template":"templates\/template-pio.php","meta":{"_acf_changed":false,"_joinchat":[],"footnotes":""},"class_list":["post-9579","page","type-page","status-publish","hentry"],"acf":[],"yoast_head":"<!-- This site is optimized with the Yoast SEO plugin v27.5 - https:\/\/yoast.com\/product\/yoast-seo-wordpress\/ -->\n<title>Campanha Press\u00e3o Ocular - Pio - SBG - Sociedade Brasileira de Glaucoma<\/title>\n<meta name=\"robots\" content=\"index, follow, max-snippet:-1, max-image-preview:large, max-video-preview:-1\" \/>\n<link rel=\"canonical\" href=\"https:\/\/www.sbglaucoma.org.br\/medico\/campanha-pressao-ocular\/\" \/>\n<meta property=\"og:locale\" content=\"pt_BR\" \/>\n<meta property=\"og:type\" content=\"article\" \/>\n<meta property=\"og:title\" content=\"Campanha Press\u00e3o Ocular - Pio - SBG - Sociedade Brasileira de Glaucoma\" \/>\n<meta property=\"og:description\" content=\"Quando Foi a \u00daltima Vez Que Voc\u00ea Verificou Sua Pio Com Um M\u00e9dico Oftalmologista? Quando foi a \u00faltima vez que voc\u00ea verificou sua PIO com um m\u00e9dico oftalmologista? Apesar de ser um fator importante para a preven\u00e7\u00e3o do glaucoma, a verifica\u00e7\u00e3o da press\u00e3o intraocular (PIO) muitas vezes \u00e9 negligenciada pelos pacientes. Por esse motivo, a [&hellip;]\" \/>\n<meta property=\"og:url\" content=\"https:\/\/www.sbglaucoma.org.br\/medico\/campanha-pressao-ocular\/\" \/>\n<meta property=\"og:site_name\" content=\"SBG - Sociedade Brasileira de Glaucoma\" \/>\n<meta property=\"article:modified_time\" content=\"2024-04-10T14:34:01+00:00\" \/>\n<meta property=\"og:image\" content=\"https:\/\/www.sbglaucoma.org.br\/medico\/wp-content\/uploads\/2024\/02\/arte_PIO_pacientes_sbg_carrossel1-1024x1024.png\" \/>\n<meta name=\"twitter:card\" content=\"summary_large_image\" \/>\n<meta name=\"twitter:label1\" content=\"Est. tempo de leitura\" \/>\n\t<meta name=\"twitter:data1\" content=\"2 minutos\" \/>\n<script type=\"application\/ld+json\" class=\"yoast-schema-graph\">{\"@context\":\"https:\\\/\\\/schema.org\",\"@graph\":[{\"@type\":\"WebPage\",\"@id\":\"https:\\\/\\\/www.sbglaucoma.org.br\\\/medico\\\/campanha-pressao-ocular\\\/\",\"url\":\"https:\\\/\\\/www.sbglaucoma.org.br\\\/medico\\\/campanha-pressao-ocular\\\/\",\"name\":\"Campanha Press\u00e3o Ocular - Pio - SBG - Sociedade Brasileira de Glaucoma\",\"isPartOf\":{\"@id\":\"https:\\\/\\\/www.sbglaucoma.org.br\\\/medico\\\/#website\"},\"primaryImageOfPage\":{\"@id\":\"https:\\\/\\\/www.sbglaucoma.org.br\\\/medico\\\/campanha-pressao-ocular\\\/#primaryimage\"},\"image\":{\"@id\":\"https:\\\/\\\/www.sbglaucoma.org.br\\\/medico\\\/campanha-pressao-ocular\\\/#primaryimage\"},\"thumbnailUrl\":\"https:\\\/\\\/www.sbglaucoma.org.br\\\/medico\\\/wp-content\\\/uploads\\\/2024\\\/02\\\/arte_PIO_pacientes_sbg_carrossel1-1024x1024.png\",\"datePublished\":\"2024-02-08T19:55:52+00:00\",\"dateModified\":\"2024-04-10T14:34:01+00:00\",\"breadcrumb\":{\"@id\":\"https:\\\/\\\/www.sbglaucoma.org.br\\\/medico\\\/campanha-pressao-ocular\\\/#breadcrumb\"},\"inLanguage\":\"pt-BR\",\"potentialAction\":[{\"@type\":\"ReadAction\",\"target\":[\"https:\\\/\\\/www.sbglaucoma.org.br\\\/medico\\\/campanha-pressao-ocular\\\/\"]}]},{\"@type\":\"ImageObject\",\"inLanguage\":\"pt-BR\",\"@id\":\"https:\\\/\\\/www.sbglaucoma.org.br\\\/medico\\\/campanha-pressao-ocular\\\/#primaryimage\",\"url\":\"https:\\\/\\\/www.sbglaucoma.org.br\\\/medico\\\/wp-content\\\/uploads\\\/2024\\\/02\\\/arte_PIO_pacientes_sbg_carrossel1.png\",\"contentUrl\":\"https:\\\/\\\/www.sbglaucoma.org.br\\\/medico\\\/wp-content\\\/uploads\\\/2024\\\/02\\\/arte_PIO_pacientes_sbg_carrossel1.png\",\"width\":1080,\"height\":1080},{\"@type\":\"BreadcrumbList\",\"@id\":\"https:\\\/\\\/www.sbglaucoma.org.br\\\/medico\\\/campanha-pressao-ocular\\\/#breadcrumb\",\"itemListElement\":[{\"@type\":\"ListItem\",\"position\":1,\"name\":\"In\u00edcio\",\"item\":\"https:\\\/\\\/www.sbglaucoma.org.br\\\/medico\\\/\"},{\"@type\":\"ListItem\",\"position\":2,\"name\":\"Campanha Press\u00e3o Ocular &#8211; Pio\"}]},{\"@type\":\"WebSite\",\"@id\":\"https:\\\/\\\/www.sbglaucoma.org.br\\\/medico\\\/#website\",\"url\":\"https:\\\/\\\/www.sbglaucoma.org.br\\\/medico\\\/\",\"name\":\"SBG - Sociedade Brasileira de Glaucoma\",\"description\":\"\",\"potentialAction\":[{\"@type\":\"SearchAction\",\"target\":{\"@type\":\"EntryPoint\",\"urlTemplate\":\"https:\\\/\\\/www.sbglaucoma.org.br\\\/medico\\\/?s={search_term_string}\"},\"query-input\":{\"@type\":\"PropertyValueSpecification\",\"valueRequired\":true,\"valueName\":\"search_term_string\"}}],\"inLanguage\":\"pt-BR\"}]}<\/script>\n<!-- \/ Yoast SEO plugin. -->","yoast_head_json":{"title":"Campanha Press\u00e3o Ocular - Pio - SBG - Sociedade Brasileira de Glaucoma","robots":{"index":"index","follow":"follow","max-snippet":"max-snippet:-1","max-image-preview":"max-image-preview:large","max-video-preview":"max-video-preview:-1"},"canonical":"https:\/\/www.sbglaucoma.org.br\/medico\/campanha-pressao-ocular\/","og_locale":"pt_BR","og_type":"article","og_title":"Campanha Press\u00e3o Ocular - Pio - SBG - Sociedade Brasileira de Glaucoma","og_description":"Quando Foi a \u00daltima Vez Que Voc\u00ea Verificou Sua Pio Com Um M\u00e9dico Oftalmologista? Quando foi a \u00faltima vez que voc\u00ea verificou sua PIO com um m\u00e9dico oftalmologista? Apesar de ser um fator importante para a preven\u00e7\u00e3o do glaucoma, a verifica\u00e7\u00e3o da press\u00e3o intraocular (PIO) muitas vezes \u00e9 negligenciada pelos pacientes. Por esse motivo, a [&hellip;]","og_url":"https:\/\/www.sbglaucoma.org.br\/medico\/campanha-pressao-ocular\/","og_site_name":"SBG - Sociedade Brasileira de Glaucoma","article_modified_time":"2024-04-10T14:34:01+00:00","og_image":[{"url":"https:\/\/www.sbglaucoma.org.br\/medico\/wp-content\/uploads\/2024\/02\/arte_PIO_pacientes_sbg_carrossel1-1024x1024.png","type":"","width":"","height":""}],"twitter_card":"summary_large_image","twitter_misc":{"Est. tempo de leitura":"2 minutos"},"schema":{"@context":"https:\/\/schema.org","@graph":[{"@type":"WebPage","@id":"https:\/\/www.sbglaucoma.org.br\/medico\/campanha-pressao-ocular\/","url":"https:\/\/www.sbglaucoma.org.br\/medico\/campanha-pressao-ocular\/","name":"Campanha Press\u00e3o Ocular - Pio - SBG - Sociedade Brasileira de Glaucoma","isPartOf":{"@id":"https:\/\/www.sbglaucoma.org.br\/medico\/#website"},"primaryImageOfPage":{"@id":"https:\/\/www.sbglaucoma.org.br\/medico\/campanha-pressao-ocular\/#primaryimage"},"image":{"@id":"https:\/\/www.sbglaucoma.org.br\/medico\/campanha-pressao-ocular\/#primaryimage"},"thumbnailUrl":"https:\/\/www.sbglaucoma.org.br\/medico\/wp-content\/uploads\/2024\/02\/arte_PIO_pacientes_sbg_carrossel1-1024x1024.png","datePublished":"2024-02-08T19:55:52+00:00","dateModified":"2024-04-10T14:34:01+00:00","breadcrumb":{"@id":"https:\/\/www.sbglaucoma.org.br\/medico\/campanha-pressao-ocular\/#breadcrumb"},"inLanguage":"pt-BR","potentialAction":[{"@type":"ReadAction","target":["https:\/\/www.sbglaucoma.org.br\/medico\/campanha-pressao-ocular\/"]}]},{"@type":"ImageObject","inLanguage":"pt-BR","@id":"https:\/\/www.sbglaucoma.org.br\/medico\/campanha-pressao-ocular\/#primaryimage","url":"https:\/\/www.sbglaucoma.org.br\/medico\/wp-content\/uploads\/2024\/02\/arte_PIO_pacientes_sbg_carrossel1.png","contentUrl":"https:\/\/www.sbglaucoma.org.br\/medico\/wp-content\/uploads\/2024\/02\/arte_PIO_pacientes_sbg_carrossel1.png","width":1080,"height":1080},{"@type":"BreadcrumbList","@id":"https:\/\/www.sbglaucoma.org.br\/medico\/campanha-pressao-ocular\/#breadcrumb","itemListElement":[{"@type":"ListItem","position":1,"name":"In\u00edcio","item":"https:\/\/www.sbglaucoma.org.br\/medico\/"},{"@type":"ListItem","position":2,"name":"Campanha Press\u00e3o Ocular &#8211; Pio"}]},{"@type":"WebSite","@id":"https:\/\/www.sbglaucoma.org.br\/medico\/#website","url":"https:\/\/www.sbglaucoma.org.br\/medico\/","name":"SBG - Sociedade Brasileira de Glaucoma","description":"","potentialAction":[{"@type":"SearchAction","target":{"@type":"EntryPoint","urlTemplate":"https:\/\/www.sbglaucoma.org.br\/medico\/?s={search_term_string}"},"query-input":{"@type":"PropertyValueSpecification","valueRequired":true,"valueName":"search_term_string"}}],"inLanguage":"pt-BR"}]}},"_links":{"self":[{"href":"https:\/\/www.sbglaucoma.org.br\/medico\/wp-json\/wp\/v2\/pages\/9579","targetHints":{"allow":["GET"]}}],"collection":[{"href":"https:\/\/www.sbglaucoma.org.br\/medico\/wp-json\/wp\/v2\/pages"}],"about":[{"href":"https:\/\/www.sbglaucoma.org.br\/medico\/wp-json\/wp\/v2\/types\/page"}],"author":[{"embeddable":true,"href":"https:\/\/www.sbglaucoma.org.br\/medico\/wp-json\/wp\/v2\/users\/1"}],"replies":[{"embeddable":true,"href":"https:\/\/www.sbglaucoma.org.br\/medico\/wp-json\/wp\/v2\/comments?post=9579"}],"version-history":[{"count":18,"href":"https:\/\/www.sbglaucoma.org.br\/medico\/wp-json\/wp\/v2\/pages\/9579\/revisions"}],"predecessor-version":[{"id":9919,"href":"https:\/\/www.sbglaucoma.org.br\/medico\/wp-json\/wp\/v2\/pages\/9579\/revisions\/9919"}],"wp:attachment":[{"href":"https:\/\/www.sbglaucoma.org.br\/medico\/wp-json\/wp\/v2\/media?parent=9579"}],"curies":[{"name":"wp","href":"https:\/\/api.w.org\/{rel}","templated":true}]}}