{"id":8841,"date":"2023-12-05T15:56:23","date_gmt":"2023-12-05T18:56:23","guid":{"rendered":"https:\/\/sbglaucoma2.websiteseguro.com\/medico\/?page_id=8841"},"modified":"2024-05-10T10:51:32","modified_gmt":"2024-05-10T13:51:32","slug":"material-informativo","status":"publish","type":"page","link":"https:\/\/www.sbglaucoma.org.br\/medico\/material-informativo\/","title":{"rendered":"Material Informativo"},"content":{"rendered":"<div class=\"wp-block-image\">\n<figure class=\"aligncenter size-full\"><img loading=\"lazy\" decoding=\"async\" width=\"1300\" height=\"700\" src=\"https:\/\/sbglaucoma.org.br\/medico\/wp-content\/uploads\/2020\/06\/2020-09-22_Banner-1300x700px-edit.jpg\" alt=\"\" class=\"wp-image-7959\" srcset=\"https:\/\/www.sbglaucoma.org.br\/medico\/wp-content\/uploads\/2020\/06\/2020-09-22_Banner-1300x700px-edit.jpg 1300w, https:\/\/www.sbglaucoma.org.br\/medico\/wp-content\/uploads\/2020\/06\/2020-09-22_Banner-1300x700px-edit-300x162.jpg 300w, https:\/\/www.sbglaucoma.org.br\/medico\/wp-content\/uploads\/2020\/06\/2020-09-22_Banner-1300x700px-edit-768x414.jpg 768w, https:\/\/www.sbglaucoma.org.br\/medico\/wp-content\/uploads\/2020\/06\/2020-09-22_Banner-1300x700px-edit-1024x551.jpg 1024w\" sizes=\"auto, (max-width: 1300px) 100vw, 1300px\" \/><\/figure>\n<\/div>\n\n\n<p><strong>Prezado m\u00e9dico e paciente,<\/strong><\/p>\n\n\n\n<p>A Sociedade Brasileira de Glaucoma preparou uma p\u00e1gina para disponibiliza\u00e7\u00e3o\/divulga\u00e7\u00e3o de materiais informativos para visualiza\u00e7\u00e3o e download.<\/p>\n","protected":false},"excerpt":{"rendered":"<p>Prezado m\u00e9dico e paciente, A Sociedade Brasileira de Glaucoma preparou uma p\u00e1gina para disponibiliza\u00e7\u00e3o\/divulga\u00e7\u00e3o de materiais informativos para visualiza\u00e7\u00e3o e download.<\/p>\n","protected":false},"author":1,"featured_media":0,"parent":0,"menu_order":0,"comment_status":"closed","ping_status":"closed","template":"templates\/template-material-informativo.php","meta":{"_acf_changed":false,"_joinchat":[],"footnotes":""},"class_list":["post-8841","page","type-page","status-publish","hentry"],"acf":[],"yoast_head":"<!-- This site is optimized with the Yoast SEO plugin v27.5 - https:\/\/yoast.com\/product\/yoast-seo-wordpress\/ -->\n<title>Material Informativo - SBG - Sociedade Brasileira de Glaucoma<\/title>\n<meta name=\"robots\" content=\"index, follow, max-snippet:-1, max-image-preview:large, max-video-preview:-1\" \/>\n<link rel=\"canonical\" href=\"https:\/\/www.sbglaucoma.org.br\/medico\/material-informativo\/\" \/>\n<meta property=\"og:locale\" content=\"pt_BR\" \/>\n<meta property=\"og:type\" content=\"article\" \/>\n<meta property=\"og:title\" content=\"Material Informativo - SBG - Sociedade Brasileira de Glaucoma\" \/>\n<meta property=\"og:description\" content=\"Prezado m\u00e9dico e paciente, A Sociedade Brasileira de Glaucoma preparou uma p\u00e1gina para disponibiliza\u00e7\u00e3o\/divulga\u00e7\u00e3o de materiais informativos para visualiza\u00e7\u00e3o e download.\" \/>\n<meta property=\"og:url\" content=\"https:\/\/www.sbglaucoma.org.br\/medico\/material-informativo\/\" \/>\n<meta property=\"og:site_name\" content=\"SBG - Sociedade Brasileira de Glaucoma\" \/>\n<meta property=\"article:modified_time\" content=\"2024-05-10T13:51:32+00:00\" \/>\n<meta property=\"og:image\" content=\"https:\/\/sbglaucoma.org.br\/medico\/wp-content\/uploads\/2020\/06\/2020-09-22_Banner-1300x700px-edit.jpg\" \/>\n<meta name=\"twitter:card\" content=\"summary_large_image\" \/>\n<meta name=\"twitter:label1\" content=\"Est. tempo de leitura\" \/>\n\t<meta name=\"twitter:data1\" content=\"1 minuto\" \/>\n<script type=\"application\/ld+json\" class=\"yoast-schema-graph\">{\"@context\":\"https:\\\/\\\/schema.org\",\"@graph\":[{\"@type\":\"WebPage\",\"@id\":\"https:\\\/\\\/www.sbglaucoma.org.br\\\/medico\\\/material-informativo\\\/\",\"url\":\"https:\\\/\\\/www.sbglaucoma.org.br\\\/medico\\\/material-informativo\\\/\",\"name\":\"Material Informativo - SBG - Sociedade Brasileira de Glaucoma\",\"isPartOf\":{\"@id\":\"https:\\\/\\\/www.sbglaucoma.org.br\\\/medico\\\/#website\"},\"primaryImageOfPage\":{\"@id\":\"https:\\\/\\\/www.sbglaucoma.org.br\\\/medico\\\/material-informativo\\\/#primaryimage\"},\"image\":{\"@id\":\"https:\\\/\\\/www.sbglaucoma.org.br\\\/medico\\\/material-informativo\\\/#primaryimage\"},\"thumbnailUrl\":\"https:\\\/\\\/sbglaucoma.org.br\\\/medico\\\/wp-content\\\/uploads\\\/2020\\\/06\\\/2020-09-22_Banner-1300x700px-edit.jpg\",\"datePublished\":\"2023-12-05T18:56:23+00:00\",\"dateModified\":\"2024-05-10T13:51:32+00:00\",\"breadcrumb\":{\"@id\":\"https:\\\/\\\/www.sbglaucoma.org.br\\\/medico\\\/material-informativo\\\/#breadcrumb\"},\"inLanguage\":\"pt-BR\",\"potentialAction\":[{\"@type\":\"ReadAction\",\"target\":[\"https:\\\/\\\/www.sbglaucoma.org.br\\\/medico\\\/material-informativo\\\/\"]}]},{\"@type\":\"ImageObject\",\"inLanguage\":\"pt-BR\",\"@id\":\"https:\\\/\\\/www.sbglaucoma.org.br\\\/medico\\\/material-informativo\\\/#primaryimage\",\"url\":\"https:\\\/\\\/sbglaucoma.org.br\\\/medico\\\/wp-content\\\/uploads\\\/2020\\\/06\\\/2020-09-22_Banner-1300x700px-edit.jpg\",\"contentUrl\":\"https:\\\/\\\/sbglaucoma.org.br\\\/medico\\\/wp-content\\\/uploads\\\/2020\\\/06\\\/2020-09-22_Banner-1300x700px-edit.jpg\"},{\"@type\":\"BreadcrumbList\",\"@id\":\"https:\\\/\\\/www.sbglaucoma.org.br\\\/medico\\\/material-informativo\\\/#breadcrumb\",\"itemListElement\":[{\"@type\":\"ListItem\",\"position\":1,\"name\":\"In\u00edcio\",\"item\":\"https:\\\/\\\/www.sbglaucoma.org.br\\\/medico\\\/\"},{\"@type\":\"ListItem\",\"position\":2,\"name\":\"Material Informativo\"}]},{\"@type\":\"WebSite\",\"@id\":\"https:\\\/\\\/www.sbglaucoma.org.br\\\/medico\\\/#website\",\"url\":\"https:\\\/\\\/www.sbglaucoma.org.br\\\/medico\\\/\",\"name\":\"SBG - Sociedade Brasileira de Glaucoma\",\"description\":\"\",\"potentialAction\":[{\"@type\":\"SearchAction\",\"target\":{\"@type\":\"EntryPoint\",\"urlTemplate\":\"https:\\\/\\\/www.sbglaucoma.org.br\\\/medico\\\/?s={search_term_string}\"},\"query-input\":{\"@type\":\"PropertyValueSpecification\",\"valueRequired\":true,\"valueName\":\"search_term_string\"}}],\"inLanguage\":\"pt-BR\"}]}<\/script>\n<!-- \/ Yoast SEO plugin. -->","yoast_head_json":{"title":"Material Informativo - SBG - Sociedade Brasileira de Glaucoma","robots":{"index":"index","follow":"follow","max-snippet":"max-snippet:-1","max-image-preview":"max-image-preview:large","max-video-preview":"max-video-preview:-1"},"canonical":"https:\/\/www.sbglaucoma.org.br\/medico\/material-informativo\/","og_locale":"pt_BR","og_type":"article","og_title":"Material Informativo - SBG - Sociedade Brasileira de Glaucoma","og_description":"Prezado m\u00e9dico e paciente, A Sociedade Brasileira de Glaucoma preparou uma p\u00e1gina para disponibiliza\u00e7\u00e3o\/divulga\u00e7\u00e3o de materiais informativos para visualiza\u00e7\u00e3o e download.","og_url":"https:\/\/www.sbglaucoma.org.br\/medico\/material-informativo\/","og_site_name":"SBG - Sociedade Brasileira de Glaucoma","article_modified_time":"2024-05-10T13:51:32+00:00","og_image":[{"url":"https:\/\/sbglaucoma.org.br\/medico\/wp-content\/uploads\/2020\/06\/2020-09-22_Banner-1300x700px-edit.jpg","type":"","width":"","height":""}],"twitter_card":"summary_large_image","twitter_misc":{"Est. tempo de leitura":"1 minuto"},"schema":{"@context":"https:\/\/schema.org","@graph":[{"@type":"WebPage","@id":"https:\/\/www.sbglaucoma.org.br\/medico\/material-informativo\/","url":"https:\/\/www.sbglaucoma.org.br\/medico\/material-informativo\/","name":"Material Informativo - SBG - Sociedade Brasileira de Glaucoma","isPartOf":{"@id":"https:\/\/www.sbglaucoma.org.br\/medico\/#website"},"primaryImageOfPage":{"@id":"https:\/\/www.sbglaucoma.org.br\/medico\/material-informativo\/#primaryimage"},"image":{"@id":"https:\/\/www.sbglaucoma.org.br\/medico\/material-informativo\/#primaryimage"},"thumbnailUrl":"https:\/\/sbglaucoma.org.br\/medico\/wp-content\/uploads\/2020\/06\/2020-09-22_Banner-1300x700px-edit.jpg","datePublished":"2023-12-05T18:56:23+00:00","dateModified":"2024-05-10T13:51:32+00:00","breadcrumb":{"@id":"https:\/\/www.sbglaucoma.org.br\/medico\/material-informativo\/#breadcrumb"},"inLanguage":"pt-BR","potentialAction":[{"@type":"ReadAction","target":["https:\/\/www.sbglaucoma.org.br\/medico\/material-informativo\/"]}]},{"@type":"ImageObject","inLanguage":"pt-BR","@id":"https:\/\/www.sbglaucoma.org.br\/medico\/material-informativo\/#primaryimage","url":"https:\/\/sbglaucoma.org.br\/medico\/wp-content\/uploads\/2020\/06\/2020-09-22_Banner-1300x700px-edit.jpg","contentUrl":"https:\/\/sbglaucoma.org.br\/medico\/wp-content\/uploads\/2020\/06\/2020-09-22_Banner-1300x700px-edit.jpg"},{"@type":"BreadcrumbList","@id":"https:\/\/www.sbglaucoma.org.br\/medico\/material-informativo\/#breadcrumb","itemListElement":[{"@type":"ListItem","position":1,"name":"In\u00edcio","item":"https:\/\/www.sbglaucoma.org.br\/medico\/"},{"@type":"ListItem","position":2,"name":"Material Informativo"}]},{"@type":"WebSite","@id":"https:\/\/www.sbglaucoma.org.br\/medico\/#website","url":"https:\/\/www.sbglaucoma.org.br\/medico\/","name":"SBG - Sociedade Brasileira de Glaucoma","description":"","potentialAction":[{"@type":"SearchAction","target":{"@type":"EntryPoint","urlTemplate":"https:\/\/www.sbglaucoma.org.br\/medico\/?s={search_term_string}"},"query-input":{"@type":"PropertyValueSpecification","valueRequired":true,"valueName":"search_term_string"}}],"inLanguage":"pt-BR"}]}},"_links":{"self":[{"href":"https:\/\/www.sbglaucoma.org.br\/medico\/wp-json\/wp\/v2\/pages\/8841","targetHints":{"allow":["GET"]}}],"collection":[{"href":"https:\/\/www.sbglaucoma.org.br\/medico\/wp-json\/wp\/v2\/pages"}],"about":[{"href":"https:\/\/www.sbglaucoma.org.br\/medico\/wp-json\/wp\/v2\/types\/page"}],"author":[{"embeddable":true,"href":"https:\/\/www.sbglaucoma.org.br\/medico\/wp-json\/wp\/v2\/users\/1"}],"replies":[{"embeddable":true,"href":"https:\/\/www.sbglaucoma.org.br\/medico\/wp-json\/wp\/v2\/comments?post=8841"}],"version-history":[{"count":49,"href":"https:\/\/www.sbglaucoma.org.br\/medico\/wp-json\/wp\/v2\/pages\/8841\/revisions"}],"predecessor-version":[{"id":10157,"href":"https:\/\/www.sbglaucoma.org.br\/medico\/wp-json\/wp\/v2\/pages\/8841\/revisions\/10157"}],"wp:attachment":[{"href":"https:\/\/www.sbglaucoma.org.br\/medico\/wp-json\/wp\/v2\/media?parent=8841"}],"curies":[{"name":"wp","href":"https:\/\/api.w.org\/{rel}","templated":true}]}}