{"id":8794,"date":"2023-12-01T16:28:09","date_gmt":"2023-12-01T19:28:09","guid":{"rendered":"https:\/\/sbglaucoma2.websiteseguro.com\/medico\/?page_id=8794"},"modified":"2024-05-10T10:20:57","modified_gmt":"2024-05-10T13:20:57","slug":"quem-somos","status":"publish","type":"page","link":"https:\/\/www.sbglaucoma.org.br\/medico\/quem-somos\/","title":{"rendered":"Quem somos"},"content":{"rendered":"\n<p>A Sociedade Brasileira de Glaucoma foi fundada em 1981 pela iniciativa de um grupo de oftalmologistas que, durante uma conversa informal, decidiram organizar uma entidade que tivesse como objetivo principal difundir informa\u00e7\u00f5es atualizadas a respeito da doen\u00e7a.<\/p>\n\n\n\n<p>O primeiro congresso da SBG foi realizado em Belo Horizonte no ano de 1985.<\/p>\n","protected":false},"excerpt":{"rendered":"<p>A Sociedade Brasileira de Glaucoma foi fundada em 1981 pela iniciativa de um grupo de oftalmologistas que, durante uma conversa informal, decidiram organizar uma entidade que tivesse como objetivo principal difundir informa\u00e7\u00f5es atualizadas a respeito da doen\u00e7a. O primeiro congresso da SBG foi realizado em Belo Horizonte no ano de 1985.<\/p>\n","protected":false},"author":1,"featured_media":0,"parent":0,"menu_order":0,"comment_status":"closed","ping_status":"closed","template":"templates\/template-quem-somos.php","meta":{"_acf_changed":false,"_joinchat":[],"footnotes":""},"class_list":["post-8794","page","type-page","status-publish","hentry"],"acf":[],"yoast_head":"<!-- This site is optimized with the Yoast SEO plugin v27.4 - https:\/\/yoast.com\/product\/yoast-seo-wordpress\/ -->\n<title>Quem somos - SBG - Sociedade Brasileira de Glaucoma<\/title>\n<meta name=\"robots\" content=\"index, follow, max-snippet:-1, max-image-preview:large, max-video-preview:-1\" \/>\n<link rel=\"canonical\" href=\"https:\/\/www.sbglaucoma.org.br\/medico\/quem-somos\/\" \/>\n<meta property=\"og:locale\" content=\"pt_BR\" \/>\n<meta property=\"og:type\" content=\"article\" \/>\n<meta property=\"og:title\" content=\"Quem somos - SBG - Sociedade Brasileira de Glaucoma\" \/>\n<meta property=\"og:description\" content=\"A Sociedade Brasileira de Glaucoma foi fundada em 1981 pela iniciativa de um grupo de oftalmologistas que, durante uma conversa informal, decidiram organizar uma entidade que tivesse como objetivo principal difundir informa\u00e7\u00f5es atualizadas a respeito da doen\u00e7a. O primeiro congresso da SBG foi realizado em Belo Horizonte no ano de 1985.\" \/>\n<meta property=\"og:url\" content=\"https:\/\/www.sbglaucoma.org.br\/medico\/quem-somos\/\" \/>\n<meta property=\"og:site_name\" content=\"SBG - Sociedade Brasileira de Glaucoma\" \/>\n<meta property=\"article:modified_time\" content=\"2024-05-10T13:20:57+00:00\" \/>\n<meta name=\"twitter:card\" content=\"summary_large_image\" \/>\n<meta name=\"twitter:label1\" content=\"Est. tempo de leitura\" \/>\n\t<meta name=\"twitter:data1\" content=\"1 minuto\" \/>\n<script type=\"application\/ld+json\" class=\"yoast-schema-graph\">{\"@context\":\"https:\\\/\\\/schema.org\",\"@graph\":[{\"@type\":\"WebPage\",\"@id\":\"https:\\\/\\\/www.sbglaucoma.org.br\\\/medico\\\/quem-somos\\\/\",\"url\":\"https:\\\/\\\/www.sbglaucoma.org.br\\\/medico\\\/quem-somos\\\/\",\"name\":\"Quem somos - SBG - Sociedade Brasileira de Glaucoma\",\"isPartOf\":{\"@id\":\"https:\\\/\\\/www.sbglaucoma.org.br\\\/medico\\\/#website\"},\"datePublished\":\"2023-12-01T19:28:09+00:00\",\"dateModified\":\"2024-05-10T13:20:57+00:00\",\"breadcrumb\":{\"@id\":\"https:\\\/\\\/www.sbglaucoma.org.br\\\/medico\\\/quem-somos\\\/#breadcrumb\"},\"inLanguage\":\"pt-BR\",\"potentialAction\":[{\"@type\":\"ReadAction\",\"target\":[\"https:\\\/\\\/www.sbglaucoma.org.br\\\/medico\\\/quem-somos\\\/\"]}]},{\"@type\":\"BreadcrumbList\",\"@id\":\"https:\\\/\\\/www.sbglaucoma.org.br\\\/medico\\\/quem-somos\\\/#breadcrumb\",\"itemListElement\":[{\"@type\":\"ListItem\",\"position\":1,\"name\":\"In\u00edcio\",\"item\":\"https:\\\/\\\/www.sbglaucoma.org.br\\\/medico\\\/\"},{\"@type\":\"ListItem\",\"position\":2,\"name\":\"Quem somos\"}]},{\"@type\":\"WebSite\",\"@id\":\"https:\\\/\\\/www.sbglaucoma.org.br\\\/medico\\\/#website\",\"url\":\"https:\\\/\\\/www.sbglaucoma.org.br\\\/medico\\\/\",\"name\":\"SBG - Sociedade Brasileira de Glaucoma\",\"description\":\"\",\"potentialAction\":[{\"@type\":\"SearchAction\",\"target\":{\"@type\":\"EntryPoint\",\"urlTemplate\":\"https:\\\/\\\/www.sbglaucoma.org.br\\\/medico\\\/?s={search_term_string}\"},\"query-input\":{\"@type\":\"PropertyValueSpecification\",\"valueRequired\":true,\"valueName\":\"search_term_string\"}}],\"inLanguage\":\"pt-BR\"}]}<\/script>\n<!-- \/ Yoast SEO plugin. -->","yoast_head_json":{"title":"Quem somos - SBG - Sociedade Brasileira de Glaucoma","robots":{"index":"index","follow":"follow","max-snippet":"max-snippet:-1","max-image-preview":"max-image-preview:large","max-video-preview":"max-video-preview:-1"},"canonical":"https:\/\/www.sbglaucoma.org.br\/medico\/quem-somos\/","og_locale":"pt_BR","og_type":"article","og_title":"Quem somos - SBG - Sociedade Brasileira de Glaucoma","og_description":"A Sociedade Brasileira de Glaucoma foi fundada em 1981 pela iniciativa de um grupo de oftalmologistas que, durante uma conversa informal, decidiram organizar uma entidade que tivesse como objetivo principal difundir informa\u00e7\u00f5es atualizadas a respeito da doen\u00e7a. O primeiro congresso da SBG foi realizado em Belo Horizonte no ano de 1985.","og_url":"https:\/\/www.sbglaucoma.org.br\/medico\/quem-somos\/","og_site_name":"SBG - Sociedade Brasileira de Glaucoma","article_modified_time":"2024-05-10T13:20:57+00:00","twitter_card":"summary_large_image","twitter_misc":{"Est. tempo de leitura":"1 minuto"},"schema":{"@context":"https:\/\/schema.org","@graph":[{"@type":"WebPage","@id":"https:\/\/www.sbglaucoma.org.br\/medico\/quem-somos\/","url":"https:\/\/www.sbglaucoma.org.br\/medico\/quem-somos\/","name":"Quem somos - SBG - Sociedade Brasileira de Glaucoma","isPartOf":{"@id":"https:\/\/www.sbglaucoma.org.br\/medico\/#website"},"datePublished":"2023-12-01T19:28:09+00:00","dateModified":"2024-05-10T13:20:57+00:00","breadcrumb":{"@id":"https:\/\/www.sbglaucoma.org.br\/medico\/quem-somos\/#breadcrumb"},"inLanguage":"pt-BR","potentialAction":[{"@type":"ReadAction","target":["https:\/\/www.sbglaucoma.org.br\/medico\/quem-somos\/"]}]},{"@type":"BreadcrumbList","@id":"https:\/\/www.sbglaucoma.org.br\/medico\/quem-somos\/#breadcrumb","itemListElement":[{"@type":"ListItem","position":1,"name":"In\u00edcio","item":"https:\/\/www.sbglaucoma.org.br\/medico\/"},{"@type":"ListItem","position":2,"name":"Quem somos"}]},{"@type":"WebSite","@id":"https:\/\/www.sbglaucoma.org.br\/medico\/#website","url":"https:\/\/www.sbglaucoma.org.br\/medico\/","name":"SBG - Sociedade Brasileira de Glaucoma","description":"","potentialAction":[{"@type":"SearchAction","target":{"@type":"EntryPoint","urlTemplate":"https:\/\/www.sbglaucoma.org.br\/medico\/?s={search_term_string}"},"query-input":{"@type":"PropertyValueSpecification","valueRequired":true,"valueName":"search_term_string"}}],"inLanguage":"pt-BR"}]}},"_links":{"self":[{"href":"https:\/\/www.sbglaucoma.org.br\/medico\/wp-json\/wp\/v2\/pages\/8794","targetHints":{"allow":["GET"]}}],"collection":[{"href":"https:\/\/www.sbglaucoma.org.br\/medico\/wp-json\/wp\/v2\/pages"}],"about":[{"href":"https:\/\/www.sbglaucoma.org.br\/medico\/wp-json\/wp\/v2\/types\/page"}],"author":[{"embeddable":true,"href":"https:\/\/www.sbglaucoma.org.br\/medico\/wp-json\/wp\/v2\/users\/1"}],"replies":[{"embeddable":true,"href":"https:\/\/www.sbglaucoma.org.br\/medico\/wp-json\/wp\/v2\/comments?post=8794"}],"version-history":[{"count":2,"href":"https:\/\/www.sbglaucoma.org.br\/medico\/wp-json\/wp\/v2\/pages\/8794\/revisions"}],"predecessor-version":[{"id":10148,"href":"https:\/\/www.sbglaucoma.org.br\/medico\/wp-json\/wp\/v2\/pages\/8794\/revisions\/10148"}],"wp:attachment":[{"href":"https:\/\/www.sbglaucoma.org.br\/medico\/wp-json\/wp\/v2\/media?parent=8794"}],"curies":[{"name":"wp","href":"https:\/\/api.w.org\/{rel}","templated":true}]}}