{"id":6136,"date":"2019-05-02T17:25:15","date_gmt":"2019-05-02T20:25:15","guid":{"rendered":"https:\/\/sbglaucoma2.websiteseguro.com\/medico\/?page_id=6136"},"modified":"2024-07-16T16:09:05","modified_gmt":"2024-07-16T19:09:05","slug":"beneficios-e-vantagens","status":"publish","type":"page","link":"https:\/\/www.sbglaucoma.org.br\/medico\/beneficios-e-vantagens\/","title":{"rendered":"Benef\u00edcios\u00a0e\u00a0Vantagens"},"content":{"rendered":"\n<h2 class=\"wp-block-heading\">Vantagens de Ser Um Associado!<\/h2>\n\n\n\n<ul class=\"wp-block-list\">\n<li>Peri\u00f3dicos relevantes para sua pesquisa bibliogr\u00e1fica<\/li>\n\n\n\n<li>eBooks<\/li>\n\n\n\n<li>Cursos Basicos da WGA<\/li>\n\n\n\n<li>International Glaucoma Review<\/li>\n\n\n\n<li>Consensos<\/li>\n\n\n\n<li>Minuto Glaucoma<\/li>\n\n\n\n<li>Desconto em eventos da SBG<\/li>\n<\/ul>\n\n\n\n<h2 class=\"wp-block-heading\">Documentos Necess\u00e1rios para Efetiva\u00e7\u00e3o de Associa\u00e7\u00e3o<\/h2>\n\n\n\n<p><strong>ASSOCIADO TITULAR<\/strong><\/p>\n\n\n\n<p>Certificado de Especialista, emitido pelo CBO ou o T\u00edtulo de Resid\u00eancia M\u00e9dica em Oftalmologia, emitido pelo MEC.<br>C\u00f3pia do seu Diploma de M\u00e9dico ou do Certificado de Especialista ou do T\u00edtulo de Resid\u00eancia M\u00e9dica em Oftalmologia.<\/p>\n\n\n\n<p><strong>ASSOCIADO ASPIRANTE<\/strong> <br>(Para aqueles que ainda n\u00e3o possuem t\u00edtulo em oftalmologia reconhecido pela AMB\/CBO ou t\u00edtulo de Resid\u00eancia M\u00e9dica em Oftalmologia emitido pelo MEC)<\/p>\n\n\n\n<p>C\u00f3pia do seu Diploma de M\u00e9dico<\/p>\n\n\n\n<p>Os documentos devem ser digitalizados e enviados para o e-mail <a href=\"mailto:sbglaucoma@sbglaucoma.org.br\">sbglaucoma@sbglaucoma.org.br<\/a><\/p>\n","protected":false},"excerpt":{"rendered":"<p>Vantagens de Ser Um Associado! Documentos Necess\u00e1rios para Efetiva\u00e7\u00e3o de Associa\u00e7\u00e3o ASSOCIADO TITULAR Certificado de Especialista, emitido pelo CBO ou o T\u00edtulo de Resid\u00eancia M\u00e9dica em Oftalmologia, emitido pelo MEC.C\u00f3pia do seu Diploma de M\u00e9dico ou do Certificado de Especialista ou do T\u00edtulo de Resid\u00eancia M\u00e9dica em Oftalmologia. ASSOCIADO ASPIRANTE (Para aqueles que ainda n\u00e3o [&hellip;]<\/p>\n","protected":false},"author":1,"featured_media":0,"parent":0,"menu_order":0,"comment_status":"closed","ping_status":"closed","template":"templates\/template-beneficios.php","meta":{"_acf_changed":false,"_joinchat":[],"footnotes":""},"class_list":["post-6136","page","type-page","status-publish","hentry"],"acf":[],"yoast_head":"<!-- This site is optimized with the Yoast SEO plugin v27.3 - https:\/\/yoast.com\/product\/yoast-seo-wordpress\/ -->\n<title>Benef\u00edcios\u00a0e\u00a0Vantagens - SBG - Sociedade Brasileira de Glaucoma<\/title>\n<meta name=\"robots\" content=\"index, follow, max-snippet:-1, max-image-preview:large, max-video-preview:-1\" \/>\n<link rel=\"canonical\" href=\"https:\/\/www.sbglaucoma.org.br\/medico\/beneficios-e-vantagens\/\" \/>\n<meta property=\"og:locale\" content=\"pt_BR\" \/>\n<meta property=\"og:type\" content=\"article\" \/>\n<meta property=\"og:title\" content=\"Benef\u00edcios\u00a0e\u00a0Vantagens - SBG - Sociedade Brasileira de Glaucoma\" \/>\n<meta property=\"og:description\" content=\"Vantagens de Ser Um Associado! Documentos Necess\u00e1rios para Efetiva\u00e7\u00e3o de Associa\u00e7\u00e3o ASSOCIADO TITULAR Certificado de Especialista, emitido pelo CBO ou o T\u00edtulo de Resid\u00eancia M\u00e9dica em Oftalmologia, emitido pelo MEC.C\u00f3pia do seu Diploma de M\u00e9dico ou do Certificado de Especialista ou do T\u00edtulo de Resid\u00eancia M\u00e9dica em Oftalmologia. ASSOCIADO ASPIRANTE (Para aqueles que ainda n\u00e3o [&hellip;]\" \/>\n<meta property=\"og:url\" content=\"https:\/\/www.sbglaucoma.org.br\/medico\/beneficios-e-vantagens\/\" \/>\n<meta property=\"og:site_name\" content=\"SBG - Sociedade Brasileira de Glaucoma\" \/>\n<meta property=\"article:modified_time\" content=\"2024-07-16T19:09:05+00:00\" \/>\n<meta name=\"twitter:card\" content=\"summary_large_image\" \/>\n<meta name=\"twitter:label1\" content=\"Est. tempo de leitura\" \/>\n\t<meta name=\"twitter:data1\" content=\"1 minuto\" \/>\n<script type=\"application\/ld+json\" class=\"yoast-schema-graph\">{\"@context\":\"https:\\\/\\\/schema.org\",\"@graph\":[{\"@type\":\"WebPage\",\"@id\":\"https:\\\/\\\/www.sbglaucoma.org.br\\\/medico\\\/beneficios-e-vantagens\\\/\",\"url\":\"https:\\\/\\\/www.sbglaucoma.org.br\\\/medico\\\/beneficios-e-vantagens\\\/\",\"name\":\"Benef\u00edcios\u00a0e\u00a0Vantagens - SBG - Sociedade Brasileira de Glaucoma\",\"isPartOf\":{\"@id\":\"https:\\\/\\\/www.sbglaucoma.org.br\\\/medico\\\/#website\"},\"datePublished\":\"2019-05-02T20:25:15+00:00\",\"dateModified\":\"2024-07-16T19:09:05+00:00\",\"breadcrumb\":{\"@id\":\"https:\\\/\\\/www.sbglaucoma.org.br\\\/medico\\\/beneficios-e-vantagens\\\/#breadcrumb\"},\"inLanguage\":\"pt-BR\",\"potentialAction\":[{\"@type\":\"ReadAction\",\"target\":[\"https:\\\/\\\/www.sbglaucoma.org.br\\\/medico\\\/beneficios-e-vantagens\\\/\"]}]},{\"@type\":\"BreadcrumbList\",\"@id\":\"https:\\\/\\\/www.sbglaucoma.org.br\\\/medico\\\/beneficios-e-vantagens\\\/#breadcrumb\",\"itemListElement\":[{\"@type\":\"ListItem\",\"position\":1,\"name\":\"In\u00edcio\",\"item\":\"https:\\\/\\\/www.sbglaucoma.org.br\\\/medico\\\/\"},{\"@type\":\"ListItem\",\"position\":2,\"name\":\"Benef\u00edcios\u00a0e\u00a0Vantagens\"}]},{\"@type\":\"WebSite\",\"@id\":\"https:\\\/\\\/www.sbglaucoma.org.br\\\/medico\\\/#website\",\"url\":\"https:\\\/\\\/www.sbglaucoma.org.br\\\/medico\\\/\",\"name\":\"SBG - Sociedade Brasileira de Glaucoma\",\"description\":\"\",\"potentialAction\":[{\"@type\":\"SearchAction\",\"target\":{\"@type\":\"EntryPoint\",\"urlTemplate\":\"https:\\\/\\\/www.sbglaucoma.org.br\\\/medico\\\/?s={search_term_string}\"},\"query-input\":{\"@type\":\"PropertyValueSpecification\",\"valueRequired\":true,\"valueName\":\"search_term_string\"}}],\"inLanguage\":\"pt-BR\"}]}<\/script>\n<!-- \/ Yoast SEO plugin. -->","yoast_head_json":{"title":"Benef\u00edcios\u00a0e\u00a0Vantagens - SBG - Sociedade Brasileira de Glaucoma","robots":{"index":"index","follow":"follow","max-snippet":"max-snippet:-1","max-image-preview":"max-image-preview:large","max-video-preview":"max-video-preview:-1"},"canonical":"https:\/\/www.sbglaucoma.org.br\/medico\/beneficios-e-vantagens\/","og_locale":"pt_BR","og_type":"article","og_title":"Benef\u00edcios\u00a0e\u00a0Vantagens - SBG - Sociedade Brasileira de Glaucoma","og_description":"Vantagens de Ser Um Associado! Documentos Necess\u00e1rios para Efetiva\u00e7\u00e3o de Associa\u00e7\u00e3o ASSOCIADO TITULAR Certificado de Especialista, emitido pelo CBO ou o T\u00edtulo de Resid\u00eancia M\u00e9dica em Oftalmologia, emitido pelo MEC.C\u00f3pia do seu Diploma de M\u00e9dico ou do Certificado de Especialista ou do T\u00edtulo de Resid\u00eancia M\u00e9dica em Oftalmologia. ASSOCIADO ASPIRANTE (Para aqueles que ainda n\u00e3o [&hellip;]","og_url":"https:\/\/www.sbglaucoma.org.br\/medico\/beneficios-e-vantagens\/","og_site_name":"SBG - Sociedade Brasileira de Glaucoma","article_modified_time":"2024-07-16T19:09:05+00:00","twitter_card":"summary_large_image","twitter_misc":{"Est. tempo de leitura":"1 minuto"},"schema":{"@context":"https:\/\/schema.org","@graph":[{"@type":"WebPage","@id":"https:\/\/www.sbglaucoma.org.br\/medico\/beneficios-e-vantagens\/","url":"https:\/\/www.sbglaucoma.org.br\/medico\/beneficios-e-vantagens\/","name":"Benef\u00edcios\u00a0e\u00a0Vantagens - SBG - Sociedade Brasileira de Glaucoma","isPartOf":{"@id":"https:\/\/www.sbglaucoma.org.br\/medico\/#website"},"datePublished":"2019-05-02T20:25:15+00:00","dateModified":"2024-07-16T19:09:05+00:00","breadcrumb":{"@id":"https:\/\/www.sbglaucoma.org.br\/medico\/beneficios-e-vantagens\/#breadcrumb"},"inLanguage":"pt-BR","potentialAction":[{"@type":"ReadAction","target":["https:\/\/www.sbglaucoma.org.br\/medico\/beneficios-e-vantagens\/"]}]},{"@type":"BreadcrumbList","@id":"https:\/\/www.sbglaucoma.org.br\/medico\/beneficios-e-vantagens\/#breadcrumb","itemListElement":[{"@type":"ListItem","position":1,"name":"In\u00edcio","item":"https:\/\/www.sbglaucoma.org.br\/medico\/"},{"@type":"ListItem","position":2,"name":"Benef\u00edcios\u00a0e\u00a0Vantagens"}]},{"@type":"WebSite","@id":"https:\/\/www.sbglaucoma.org.br\/medico\/#website","url":"https:\/\/www.sbglaucoma.org.br\/medico\/","name":"SBG - Sociedade Brasileira de Glaucoma","description":"","potentialAction":[{"@type":"SearchAction","target":{"@type":"EntryPoint","urlTemplate":"https:\/\/www.sbglaucoma.org.br\/medico\/?s={search_term_string}"},"query-input":{"@type":"PropertyValueSpecification","valueRequired":true,"valueName":"search_term_string"}}],"inLanguage":"pt-BR"}]}},"_links":{"self":[{"href":"https:\/\/www.sbglaucoma.org.br\/medico\/wp-json\/wp\/v2\/pages\/6136","targetHints":{"allow":["GET"]}}],"collection":[{"href":"https:\/\/www.sbglaucoma.org.br\/medico\/wp-json\/wp\/v2\/pages"}],"about":[{"href":"https:\/\/www.sbglaucoma.org.br\/medico\/wp-json\/wp\/v2\/types\/page"}],"author":[{"embeddable":true,"href":"https:\/\/www.sbglaucoma.org.br\/medico\/wp-json\/wp\/v2\/users\/1"}],"replies":[{"embeddable":true,"href":"https:\/\/www.sbglaucoma.org.br\/medico\/wp-json\/wp\/v2\/comments?post=6136"}],"version-history":[{"count":12,"href":"https:\/\/www.sbglaucoma.org.br\/medico\/wp-json\/wp\/v2\/pages\/6136\/revisions"}],"predecessor-version":[{"id":9578,"href":"https:\/\/www.sbglaucoma.org.br\/medico\/wp-json\/wp\/v2\/pages\/6136\/revisions\/9578"}],"wp:attachment":[{"href":"https:\/\/www.sbglaucoma.org.br\/medico\/wp-json\/wp\/v2\/media?parent=6136"}],"curies":[{"name":"wp","href":"https:\/\/api.w.org\/{rel}","templated":true}]}}